{"id":796,"date":"2025-07-18T15:35:54","date_gmt":"2025-07-18T13:35:54","guid":{"rendered":"https:\/\/temp-site.cz\/obezitas\/?page_id=796"},"modified":"2025-08-06T11:31:52","modified_gmt":"2025-08-06T09:31:52","slug":"spolecna-sekce-bariatricke-a-metabolicke-chirurgie","status":"publish","type":"page","link":"https:\/\/www.temp-site.cz\/obezitas\/index.php\/sekce\/spolecna-sekce-bariatricke-a-metabolicke-chirurgie\/","title":{"rendered":"Spole\u010dn\u00e1 sekce bariatrick\u00e9 a metabolick\u00e9 chirurgie"},"content":{"rendered":"","protected":false},"excerpt":{"rendered":"","protected":false},"author":1,"featured_media":0,"parent":1365,"menu_order":0,"comment_status":"closed","ping_status":"closed","template":"","meta":{"_acf_changed":false,"footnotes":""},"class_list":["post-796","page","type-page","status-publish","hentry"],"acf":[],"_links":{"self":[{"href":"https:\/\/www.temp-site.cz\/obezitas\/index.php\/wp-json\/wp\/v2\/pages\/796","targetHints":{"allow":["GET"]}}],"collection":[{"href":"https:\/\/www.temp-site.cz\/obezitas\/index.php\/wp-json\/wp\/v2\/pages"}],"about":[{"href":"https:\/\/www.temp-site.cz\/obezitas\/index.php\/wp-json\/wp\/v2\/types\/page"}],"author":[{"embeddable":true,"href":"https:\/\/www.temp-site.cz\/obezitas\/index.php\/wp-json\/wp\/v2\/users\/1"}],"replies":[{"embeddable":true,"href":"https:\/\/www.temp-site.cz\/obezitas\/index.php\/wp-json\/wp\/v2\/comments?post=796"}],"version-history":[{"count":21,"href":"https:\/\/www.temp-site.cz\/obezitas\/index.php\/wp-json\/wp\/v2\/pages\/796\/revisions"}],"predecessor-version":[{"id":1972,"href":"https:\/\/www.temp-site.cz\/obezitas\/index.php\/wp-json\/wp\/v2\/pages\/796\/revisions\/1972"}],"up":[{"embeddable":true,"href":"https:\/\/www.temp-site.cz\/obezitas\/index.php\/wp-json\/wp\/v2\/pages\/1365"}],"wp:attachment":[{"href":"https:\/\/www.temp-site.cz\/obezitas\/index.php\/wp-json\/wp\/v2\/media?parent=796"}],"curies":[{"name":"wp","href":"https:\/\/api.w.org\/{rel}","templated":true}]}}