{"id":2134,"date":"2025-08-08T19:21:30","date_gmt":"2025-08-08T17:21:30","guid":{"rendered":"https:\/\/www.temp-site.cz\/obezitas\/?page_id=2134"},"modified":"2025-08-08T19:47:56","modified_gmt":"2025-08-08T17:47:56","slug":"kalendar-akci","status":"publish","type":"page","link":"https:\/\/www.temp-site.cz\/obezitas\/index.php\/kalendar-akci\/","title":{"rendered":"Kalend\u00e1\u0159 akc\u00ed"},"content":{"rendered":"","protected":false},"excerpt":{"rendered":"","protected":false},"author":1,"featured_media":0,"parent":0,"menu_order":0,"comment_status":"closed","ping_status":"closed","template":"","meta":{"_acf_changed":false,"footnotes":""},"class_list":["post-2134","page","type-page","status-publish","hentry"],"acf":[],"_links":{"self":[{"href":"https:\/\/www.temp-site.cz\/obezitas\/index.php\/wp-json\/wp\/v2\/pages\/2134","targetHints":{"allow":["GET"]}}],"collection":[{"href":"https:\/\/www.temp-site.cz\/obezitas\/index.php\/wp-json\/wp\/v2\/pages"}],"about":[{"href":"https:\/\/www.temp-site.cz\/obezitas\/index.php\/wp-json\/wp\/v2\/types\/page"}],"author":[{"embeddable":true,"href":"https:\/\/www.temp-site.cz\/obezitas\/index.php\/wp-json\/wp\/v2\/users\/1"}],"replies":[{"embeddable":true,"href":"https:\/\/www.temp-site.cz\/obezitas\/index.php\/wp-json\/wp\/v2\/comments?post=2134"}],"version-history":[{"count":3,"href":"https:\/\/www.temp-site.cz\/obezitas\/index.php\/wp-json\/wp\/v2\/pages\/2134\/revisions"}],"predecessor-version":[{"id":2145,"href":"https:\/\/www.temp-site.cz\/obezitas\/index.php\/wp-json\/wp\/v2\/pages\/2134\/revisions\/2145"}],"wp:attachment":[{"href":"https:\/\/www.temp-site.cz\/obezitas\/index.php\/wp-json\/wp\/v2\/media?parent=2134"}],"curies":[{"name":"wp","href":"https:\/\/api.w.org\/{rel}","templated":true}]}}